{"id":50,"date":"2024-04-17T13:52:41","date_gmt":"2024-04-17T13:52:41","guid":{"rendered":"https:\/\/beratung-rihs.at\/?page_id=50"},"modified":"2024-04-17T13:53:03","modified_gmt":"2024-04-17T13:53:03","slug":"impressum","status":"publish","type":"page","link":"https:\/\/beratung-rihs.at\/?page_id=50","title":{"rendered":"Impressum"},"content":{"rendered":"\n<p>F\u00fcr den Inhalt verantwortlich:<\/p>\n\n\n\n<p><strong>RIHS Beratung GmbH<\/strong><\/p>\n\n\n\n<p>Erdweis 24<br>3522\u00a0Lichtenau<br>\u00d6sterreich<\/p>\n\n\n\n<p>\u00a0+43 664 45 10 770 <\/p>\n\n\n\n<p><a href=\"mailto:office@%E2%80%8Bberatung-rihs.at\">office@\u200bberatung-rihs.at<\/a><\/p>\n\n\n\n<p>Layout, Konzeption und Umsetzung<br>KASTNER media<br>http:\/\/www.kastner.tv<br>office@kastner.tv<\/p>\n\n\n\n<p>Haftungshinweis<br>Wir sind bestrebt, unser Webangebot aktuell, inhaltlich richtig und vollst\u00e4ndig anzubieten. Das Auftreten von Fehlern kann dennoch nicht ausgeschlossen werden. Wir \u00fcbernehmen keine Haftung f\u00fcr die Aktualit\u00e4t, den Inhalt und die Vollst\u00e4ndigkeit der in ihrem Webangebot bereitgestellten Informationen. Wir distanzieren uns ausdr\u00fccklich von allen Inhalten aller gelinkten Seiten auf unserer Homepage und machen uns diese Inhalte nicht zu eigen. Diese Erkl\u00e4rung gilt f\u00fcr alle auf dieser Website angebrachten Links.<\/p>\n\n\n\n<p>copyright<br>Inhalt und Struktur dieser Website sind urheberrechtlich gesch\u00fctzt. Die Vervielf\u00e4ltigung von Informationen oder Daten, die Verwendung von Texten, Textteilen oder Bildmaterial bedarf unserer vorherigen Zustimmung.<\/p>\n","protected":false},"excerpt":{"rendered":"<p>F\u00fcr den Inhalt verantwortlich: RIHS Beratung GmbH Erdweis 243522\u00a0Lichtenau\u00d6sterreich \u00a0+43 664 45 10 770 office@\u200bberatung-rihs.at Layout, Konzeption und UmsetzungKASTNER mediahttp:\/\/www.kastner.tvoffice@kastner.tv HaftungshinweisWir sind bestrebt, unser Webangebot aktuell, inhaltlich richtig und vollst\u00e4ndig anzubieten. Das Auftreten von Fehlern kann dennoch nicht ausgeschlossen werden. Wir \u00fcbernehmen keine Haftung f\u00fcr die Aktualit\u00e4t, den Inhalt und die Vollst\u00e4ndigkeit der in ihrem&hellip;&nbsp;<a href=\"https:\/\/beratung-rihs.at\/?page_id=50\" rel=\"bookmark\">Weiterlesen &raquo;<span class=\"screen-reader-text\">Impressum<\/span><\/a><\/p>\n","protected":false},"author":1,"featured_media":0,"parent":0,"menu_order":0,"comment_status":"closed","ping_status":"closed","template":"","meta":{"_coblocks_attr":"","_coblocks_dimensions":"","_coblocks_responsive_height":"","_coblocks_accordion_ie_support":"","_uag_custom_page_level_css":"","neve_meta_sidebar":"","neve_meta_container":"","neve_meta_enable_content_width":"","neve_meta_content_width":0,"neve_meta_title_alignment":"","neve_meta_author_avatar":"","neve_post_elements_order":"","neve_meta_disable_header":"","neve_meta_disable_footer":"","neve_meta_disable_title":"","_themeisle_gutenberg_block_has_review":false,"footnotes":""},"class_list":["post-50","page","type-page","status-publish","hentry"],"uagb_featured_image_src":{"full":false,"thumbnail":false,"medium":false,"medium_large":false,"large":false,"1536x1536":false,"2048x2048":false,"neve-blog":false},"uagb_author_info":{"display_name":"admin","author_link":"https:\/\/beratung-rihs.at\/?author=1"},"uagb_comment_info":0,"uagb_excerpt":"F\u00fcr den Inhalt verantwortlich: RIHS Beratung GmbH Erdweis 243522\u00a0Lichtenau\u00d6sterreich \u00a0+43 664 45 10 770 office@\u200bberatung-rihs.at Layout, Konzeption und UmsetzungKASTNER mediahttp:\/\/www.kastner.tvoffice@kastner.tv HaftungshinweisWir sind bestrebt, unser Webangebot aktuell, inhaltlich richtig und vollst\u00e4ndig anzubieten. Das Auftreten von Fehlern kann dennoch nicht ausgeschlossen werden. Wir \u00fcbernehmen keine Haftung f\u00fcr die Aktualit\u00e4t, den Inhalt und die Vollst\u00e4ndigkeit der in ihrem&hellip;&nbsp;Weiterlesen&hellip;","_links":{"self":[{"href":"https:\/\/beratung-rihs.at\/index.php?rest_route=\/wp\/v2\/pages\/50","targetHints":{"allow":["GET"]}}],"collection":[{"href":"https:\/\/beratung-rihs.at\/index.php?rest_route=\/wp\/v2\/pages"}],"about":[{"href":"https:\/\/beratung-rihs.at\/index.php?rest_route=\/wp\/v2\/types\/page"}],"author":[{"embeddable":true,"href":"https:\/\/beratung-rihs.at\/index.php?rest_route=\/wp\/v2\/users\/1"}],"replies":[{"embeddable":true,"href":"https:\/\/beratung-rihs.at\/index.php?rest_route=%2Fwp%2Fv2%2Fcomments&post=50"}],"version-history":[{"count":2,"href":"https:\/\/beratung-rihs.at\/index.php?rest_route=\/wp\/v2\/pages\/50\/revisions"}],"predecessor-version":[{"id":52,"href":"https:\/\/beratung-rihs.at\/index.php?rest_route=\/wp\/v2\/pages\/50\/revisions\/52"}],"wp:attachment":[{"href":"https:\/\/beratung-rihs.at\/index.php?rest_route=%2Fwp%2Fv2%2Fmedia&parent=50"}],"curies":[{"name":"wp","href":"https:\/\/api.w.org\/{rel}","templated":true}]}}